{"id":89,"date":"2026-01-25T16:31:23","date_gmt":"2026-01-25T16:31:23","guid":{"rendered":"https:\/\/hotel-verlaine-cannes.com\/?page_id=3"},"modified":"2026-01-25T16:31:23","modified_gmt":"2026-01-25T16:31:23","slug":"politique-de-confidentialite","status":"publish","type":"page","link":"https:\/\/www.hotel-renoir.fr\/fr\/politique-de-confidentialite\/","title":{"rendered":"Politique de confidentialit\u00e9"},"content":{"rendered":"<div id=\"wp-block-themeisle-blocks-advanced-columns-712205a2\" class=\"wp-block-themeisle-blocks-advanced-columns has-1-columns has-desktop-equal-layout has-tablet-equal-layout has-mobile-equal-layout has-vertical-unset\"><div class=\"wp-block-themeisle-blocks-advanced-columns-overlay\"><\/div><div class=\"innerblocks-wrap\">\n<div id=\"wp-block-themeisle-blocks-advanced-column-bba64418\" class=\"wp-block-themeisle-blocks-advanced-column\">\n<h2 class=\"wp-block-heading\"><strong>Derni\u00e8re mise \u00e0 jour : 17\/09\/2024<\/strong><\/h2>\n\n\n\n<p>La pr\u00e9sente politique de confidentialit\u00e9 explique comment SOROPA, une soci\u00e9t\u00e9 en nom collectif \u00e0 responsabilit\u00e9 limit\u00e9e par actions, collecte des informations vous concernant lorsque vous utilisez ce site web, ainsi que la mani\u00e8re dont nous traitons et stockons vos donn\u00e9es personnelles.<\/p>\n\n\n\n<hr class=\"wp-block-separator has-alpha-channel-opacity\" \/>\n\n\n\n<h2 class=\"wp-block-heading\">1. Introduction<\/h2>\n\n\n\n<p>Dans le cadre de ses activit\u00e9s, SOROPA collecte et traite les donn\u00e9es personnelles des visiteurs du site. Ce document a pour but de vous fournir des informations claires et compr\u00e9hensibles concernant le traitement de ces donn\u00e9es, afin que vous puissiez comprendre les conditions dans lesquelles elles sont g\u00e9r\u00e9es.<\/p>\n\n\n\n<h2 class=\"wp-block-heading\">2. Collecte de donn\u00e9es \u00e9quitable et transparente<\/h2>\n\n\n\n<p>Dans un souci de transparence envers ses visiteurs, SOROPA veille \u00e0 ce que les personnes concern\u00e9es soient inform\u00e9es de chaque op\u00e9ration de traitement par le biais de notices d&#039;information claires.<\/p>\n\n\n\n<p>Ces donn\u00e9es sont collect\u00e9es de mani\u00e8re \u00e9quitable, avec le consentement des personnes concern\u00e9es.<\/p>\n\n\n\n<h2 class=\"wp-block-heading\">3. L\u00e9gitime et proportionn\u00e9<\/h2>\n\n\n\n<p>Utilisation de vos donn\u00e9es\u00a0: Lorsque SOROPA traite des donn\u00e9es, c\u2019est \u00e0 des fins sp\u00e9cifiques et l\u00e9gitimes, d\u00e9termin\u00e9es et explicites. Nous ne collectons que les donn\u00e9es ad\u00e9quates et pertinentes, limit\u00e9es \u00e0 ce qui est n\u00e9cessaire.<\/p>\n\n\n\n<p>Nous nous engageons \u00e0 maintenir les donn\u00e9es \u00e0 jour et \u00e0 corriger ou supprimer les informations inexactes selon les besoins.<\/p>\n\n\n\n<h2 class=\"wp-block-heading\">4. Donn\u00e9es personnelles que nous traitons<\/h2>\n\n\n\n<p>Voici les cat\u00e9gories de donn\u00e9es personnelles que nous traitons\u00a0:<\/p>\n\n\n\n<figure class=\"wp-block-table is-style-regular\"><table class=\"has-fixed-layout\"><tbody><tr><th class=\"has-text-align-left\" data-align=\"left\">Cat\u00e9gorie de donn\u00e9es<\/th><th class=\"has-text-align-left\" data-align=\"left\">Exemples de donn\u00e9es<\/th><\/tr><tr><td class=\"has-text-align-left\" data-align=\"left\">Donn\u00e9es d&#039;identification<\/td><td class=\"has-text-align-left\" data-align=\"left\">Pr\u00e9nom, nom de famille<\/td><\/tr><tr><td class=\"has-text-align-left\" data-align=\"left\">Coordonn\u00e9es<\/td><td class=\"has-text-align-left\" data-align=\"left\">Courriel, num\u00e9ro de t\u00e9l\u00e9phone<\/td><\/tr><tr><td class=\"has-text-align-left\" data-align=\"left\">Donn\u00e9es de connexion<\/td><td class=\"has-text-align-left\" data-align=\"left\">Adresse IP, agent utilisateur<\/td><\/tr><tr><td class=\"has-text-align-left\" data-align=\"left\">Cookies et pixels<\/td><td class=\"has-text-align-left\" data-align=\"left\">Pour plus de d\u00e9tails, veuillez consulter notre politique de gestion des cookies.<\/td><\/tr><\/tbody><\/table><\/figure>\n\n\n\n<h2 class=\"wp-block-heading\">5. Bases juridiques et finalit\u00e9s du traitement des donn\u00e9es<\/h2>\n\n\n\n<p>Le traitement de vos donn\u00e9es par SOROPA repose sur les fondements juridiques suivants\u00a0:<\/p>\n\n\n\n<figure class=\"wp-block-table\"><table class=\"has-fixed-layout\"><tbody><tr><th class=\"has-text-align-left\" data-align=\"left\">Base juridique<\/th><th class=\"has-text-align-left\" data-align=\"left\">Objectifs<\/th><\/tr><tr><td class=\"has-text-align-left\" data-align=\"left\">Consentement<\/td><td class=\"has-text-align-left\" data-align=\"left\">Abonnement \u00e0 la newsletter<\/td><\/tr><tr><td class=\"has-text-align-left\" data-align=\"left\">Int\u00e9r\u00eat l\u00e9gitime<\/td><td class=\"has-text-align-left\" data-align=\"left\">Promotion des services et des actualit\u00e9s<\/td><\/tr><\/tbody><\/table><\/figure>\n\n\n\n<h2 class=\"wp-block-heading\">6. Destinataires de vos donn\u00e9es<\/h2>\n\n\n\n<p>Vos donn\u00e9es peuvent \u00eatre partag\u00e9es avec les entit\u00e9s suivantes : sous-traitants de SOROPA (fournisseurs, prestataires de services), plateformes et services d&#039;h\u00e9bergement externes : Google, Meta, OVH.<\/p>\n\n\n\n<h2 class=\"wp-block-heading\">7. Transfert de vos donn\u00e9es<\/h2>\n\n\n\n<p>Certaines donn\u00e9es peuvent \u00eatre transf\u00e9r\u00e9es hors de l&#039;Union europ\u00e9enne, notamment vers les \u00c9tats-Unis, lors de l&#039;utilisation des services Google et Meta. Ces pays n&#039;offrent pas n\u00e9cessairement un niveau de protection des donn\u00e9es \u00e9quivalent \u00e0 celui de l&#039;Europe. Toutefois, des clauses contractuelles standard permettent d&#039;assurer une protection ad\u00e9quate des donn\u00e9es.<\/p>\n\n\n\n<h2 class=\"wp-block-heading\">8. Dur\u00e9e de conservation des donn\u00e9es<\/h2>\n\n\n\n<p>Nous conservons vos donn\u00e9es aussi longtemps que n\u00e9cessaire aux fins pour lesquelles elles ont \u00e9t\u00e9 collect\u00e9es. Par exemple\u00a0:<\/p>\n\n\n\n<p><strong>Gestion des contacts et des relations clients\u00a0:<\/strong>&nbsp;3 ans apr\u00e8s le dernier contact.<\/p>\n\n\n\n<p><strong>Cookies:<\/strong>&nbsp;Validit\u00e9 maximale de 13 mois, donn\u00e9es conserv\u00e9es pendant 25 mois maximum.<\/p>\n\n\n\n<h2 class=\"wp-block-heading\">9. S\u00e9curit\u00e9 des donn\u00e9es<\/h2>\n\n\n\n<p><strong>SOROPA<\/strong>&nbsp;a mis en \u0153uvre des mesures techniques et organisationnelles pour prot\u00e9ger vos donn\u00e9es contre la perte, l&#039;alt\u00e9ration ou l&#039;acc\u00e8s non autoris\u00e9.<\/p>\n\n\n\n<h2 class=\"wp-block-heading\">10. Sous-traitance<\/h2>\n\n\n\n<p>Les sous-traitants de SOROPA traitent vos donn\u00e9es conform\u00e9ment \u00e0 nos exigences de s\u00e9curit\u00e9 et de confidentialit\u00e9, et conform\u00e9ment aux contrats en vigueur.<\/p>\n\n\n\n<h2 class=\"wp-block-heading\">11. Vos droits<\/h2>\n\n\n\n<p>Conform\u00e9ment \u00e0 la r\u00e9glementation applicable, vous disposez des droits suivants concernant vos donn\u00e9es personnelles\u00a0:<\/p>\n\n\n\n<ul class=\"wp-block-list\">\n<li>Droit d&#039;acc\u00e8s<\/li>\n\n\n\n<li>Droit \u00e0 la rectification<\/li>\n\n\n\n<li>droit \u00e0 l&#039;effacement<\/li>\n\n\n\n<li>Droit de restreindre le traitement<\/li>\n\n\n\n<li>Droit d&#039;opposition<\/li>\n\n\n\n<li>Droit de retirer son consentement<\/li>\n<\/ul>\n\n\n\n<p>Pour exercer ces droits, veuillez contacter SOROPA \u00e0 l&#039;adresse suivante\u00a0:<\/p>\n\n\n\n<p><strong>E-mail:<\/strong>&nbsp;admin@posidonia-hotel.com<\/p>\n\n\n\n<p><strong>Adresse postale :<\/strong>&nbsp;11 rue Longchamp, 06000 Nice, France<\/p>\n\n\n\n<p><strong>T\u00e9l\u00e9phone:<\/strong>&nbsp;+33 4 93 82 32 80<\/p>\n\n\n\n<h2 class=\"wp-block-heading\">12. Modification du pr\u00e9sent document<\/h2>\n\n\n\n<p>Nous nous r\u00e9servons le droit de modifier cette politique de confidentialit\u00e9 \u00e0 tout moment. Nous vous invitons \u00e0 consulter r\u00e9guli\u00e8rement cette page.<\/p>\n\n\n\n<hr class=\"wp-block-separator has-alpha-channel-opacity\" \/>\n\n\n\n<h2 class=\"wp-block-heading\">Informations sur l&#039;h\u00e9bergement<\/h2>\n\n\n\n<p><strong>Fournisseur d&#039;h\u00e9bergement\u00a0:<\/strong>&nbsp;OVH.NET<\/p>\n\n\n\n<p><strong>Nom de l&#039;entreprise:<\/strong>&nbsp;OVH sas<\/p>\n\n\n\n<p><strong>Adresse:<\/strong>&nbsp;2 rue Kellermann BP 80157, 59053 Roubaix Cedex 1, France*<\/p>\n\n\n\n<h2 class=\"wp-block-heading\">Informations l\u00e9gales :<\/h2>\n\n\n\n<p><strong>Nom de l&#039;entreprise:<\/strong>&nbsp;SOROPA<\/p>\n\n\n\n<p><strong>Forme l\u00e9gale :<\/strong>&nbsp;Soci\u00e9t\u00e9 en commandite par actions<\/p>\n\n\n\n<p><strong>Capital:<\/strong>&nbsp;\u20ac6,188,884<\/p>\n\n\n\n<p><strong>Adresse du si\u00e8ge social :<\/strong>&nbsp;11 rue Longchamp, 06000 Nice, France<\/p>\n\n\n\n<p><strong>Num\u00e9ro de t\u00e9l\u00e9phone de l&#039;entreprise\u00a0:<\/strong>&nbsp;+33 4 93 82 32 80<\/p>\n\n\n\n<p><strong>Num\u00e9ro RCS :<\/strong>&nbsp;850 332 263 RCS Nice<\/p>\n\n\n\n<p><strong>Num\u00e9ro de TVA :<\/strong>\u00a0FR09 850 332 263<\/p>\n<\/div>\n<\/div><\/div>","protected":false},"excerpt":{"rendered":"","protected":false},"author":1,"featured_media":0,"parent":0,"menu_order":0,"comment_status":"closed","ping_status":"open","template":"","meta":{"neve_meta_sidebar":"","neve_meta_container":"","neve_meta_enable_content_width":"","neve_meta_content_width":0,"neve_meta_title_alignment":"","neve_meta_author_avatar":"","neve_post_elements_order":"","neve_meta_disable_header":"","neve_meta_disable_footer":"","neve_meta_disable_title":"","neve_meta_reading_time":"","_themeisle_gutenberg_block_has_review":false,"footnotes":""},"class_list":["post-89","page","type-page","status-publish","hentry"],"jetpack_sharing_enabled":true,"_links":{"self":[{"href":"https:\/\/www.hotel-renoir.fr\/fr\/wp-json\/wp\/v2\/pages\/89","targetHints":{"allow":["GET"]}}],"collection":[{"href":"https:\/\/www.hotel-renoir.fr\/fr\/wp-json\/wp\/v2\/pages"}],"about":[{"href":"https:\/\/www.hotel-renoir.fr\/fr\/wp-json\/wp\/v2\/types\/page"}],"author":[{"embeddable":true,"href":"https:\/\/www.hotel-renoir.fr\/fr\/wp-json\/wp\/v2\/users\/1"}],"replies":[{"embeddable":true,"href":"https:\/\/www.hotel-renoir.fr\/fr\/wp-json\/wp\/v2\/comments?post=89"}],"version-history":[{"count":0,"href":"https:\/\/www.hotel-renoir.fr\/fr\/wp-json\/wp\/v2\/pages\/89\/revisions"}],"wp:attachment":[{"href":"https:\/\/www.hotel-renoir.fr\/fr\/wp-json\/wp\/v2\/media?parent=89"}],"curies":[{"name":"wp","href":"https:\/\/api.w.org\/{rel}","templated":true}]}}