{"id":89,"date":"2026-01-25T16:31:23","date_gmt":"2026-01-25T16:31:23","guid":{"rendered":"https:\/\/hotel-verlaine-cannes.com\/?page_id=3"},"modified":"2026-01-25T16:31:23","modified_gmt":"2026-01-25T16:31:23","slug":"politica-de-privacidad","status":"publish","type":"page","link":"https:\/\/www.hotel-renoir.fr\/es\/politica-de-privacidad\/","title":{"rendered":"pol\u00edtica de privacidad"},"content":{"rendered":"<div id=\"wp-block-themeisle-blocks-advanced-columns-712205a2\" class=\"wp-block-themeisle-blocks-advanced-columns has-1-columns has-desktop-equal-layout has-tablet-equal-layout has-mobile-equal-layout has-vertical-unset\"><div class=\"wp-block-themeisle-blocks-advanced-columns-overlay\"><\/div><div class=\"innerblocks-wrap\">\n<div id=\"wp-block-themeisle-blocks-advanced-column-bba64418\" class=\"wp-block-themeisle-blocks-advanced-column\">\n<h2 class=\"wp-block-heading\"><strong>\u00daltima actualizaci\u00f3n: 17\/09\/2024<\/strong><\/h2>\n\n\n\n<p>Esta pol\u00edtica de privacidad explica c\u00f3mo SOROPA, una sociedad limitada por acciones, recopila informaci\u00f3n sobre usted cuando utiliza este sitio web, as\u00ed como c\u00f3mo procesamos y almacenamos sus datos personales.<\/p>\n\n\n\n<hr class=\"wp-block-separator has-alpha-channel-opacity\" \/>\n\n\n\n<h2 class=\"wp-block-heading\">1. Introducci\u00f3n<\/h2>\n\n\n\n<p>Como parte de su actividad, SOROPA recopila y procesa datos personales de los visitantes del sitio. El objetivo de este documento es proporcionar informaci\u00f3n clara y comprensible sobre el procesamiento de datos, para que usted pueda comprender las condiciones bajo las cuales se manejan sus datos.<\/p>\n\n\n\n<h2 class=\"wp-block-heading\">2. Recopilaci\u00f3n de datos justa y transparente<\/h2>\n\n\n\n<p>En inter\u00e9s de la transparencia con sus visitantes, SOROPA garantiza que las personas interesadas est\u00e9n informadas sobre cada operaci\u00f3n de tratamiento mediante avisos informativos claros.<\/p>\n\n\n\n<p>Estos datos se recogen de forma justa y con conocimiento de las personas interesadas.<\/p>\n\n\n\n<h2 class=\"wp-block-heading\">3. Leg\u00edtimo y proporcionado<\/h2>\n\n\n\n<p>Uso de sus datos: Cuando SOROPA procesa datos, lo hace para fines espec\u00edficos y leg\u00edtimos, determinados y expl\u00edcitos. Solo recopilamos datos adecuados y relevantes, limit\u00e1ndonos a lo estrictamente necesario.<\/p>\n\n\n\n<p>Nos comprometemos a mantener los datos actualizados y a corregir o eliminar la informaci\u00f3n inexacta seg\u00fan sea necesario.<\/p>\n\n\n\n<h2 class=\"wp-block-heading\">4. Datos personales que procesamos<\/h2>\n\n\n\n<p>Estas son las categor\u00edas de datos personales que procesamos:<\/p>\n\n\n\n<figure class=\"wp-block-table is-style-regular\"><table class=\"has-fixed-layout\"><tbody><tr><th class=\"has-text-align-left\" data-align=\"left\">Categor\u00eda de datos<\/th><th class=\"has-text-align-left\" data-align=\"left\">Ejemplos de datos<\/th><\/tr><tr><td class=\"has-text-align-left\" data-align=\"left\">Datos de identificaci\u00f3n<\/td><td class=\"has-text-align-left\" data-align=\"left\">Nombre, apellido<\/td><\/tr><tr><td class=\"has-text-align-left\" data-align=\"left\">Informaci\u00f3n del contacto<\/td><td class=\"has-text-align-left\" data-align=\"left\">Correo electr\u00f3nico, n\u00famero de tel\u00e9fono<\/td><\/tr><tr><td class=\"has-text-align-left\" data-align=\"left\">Datos de conexi\u00f3n<\/td><td class=\"has-text-align-left\" data-align=\"left\">Direcci\u00f3n IP, agente de usuario<\/td><\/tr><tr><td class=\"has-text-align-left\" data-align=\"left\">Cookies y p\u00edxeles<\/td><td class=\"has-text-align-left\" data-align=\"left\">Para obtener m\u00e1s detalles, consulte nuestra pol\u00edtica de gesti\u00f3n de cookies.<\/td><\/tr><\/tbody><\/table><\/figure>\n\n\n\n<h2 class=\"wp-block-heading\">5. Bases legales y finalidades del tratamiento de datos<\/h2>\n\n\n\n<p>El tratamiento de sus datos por parte de SOROPA se basa en las siguientes bases legales:<\/p>\n\n\n\n<figure class=\"wp-block-table\"><table class=\"has-fixed-layout\"><tbody><tr><th class=\"has-text-align-left\" data-align=\"left\">Base legal<\/th><th class=\"has-text-align-left\" data-align=\"left\">Prop\u00f3sitos<\/th><\/tr><tr><td class=\"has-text-align-left\" data-align=\"left\">Consentir<\/td><td class=\"has-text-align-left\" data-align=\"left\">Suscripci\u00f3n al bolet\u00edn informativo<\/td><\/tr><tr><td class=\"has-text-align-left\" data-align=\"left\">Inter\u00e9s leg\u00edtimo<\/td><td class=\"has-text-align-left\" data-align=\"left\">Promoci\u00f3n de servicios y novedades<\/td><\/tr><\/tbody><\/table><\/figure>\n\n\n\n<h2 class=\"wp-block-heading\">6. Destinatarios de sus datos<\/h2>\n\n\n\n<p>Sus datos podr\u00e1n ser compartidos con las siguientes entidades: Subcontratistas de SOROPA (proveedores, prestadores de servicios), Plataformas y servicios de alojamiento externos: Google, Meta, OVH.<\/p>\n\n\n\n<h2 class=\"wp-block-heading\">7. Transferencia de sus datos<\/h2>\n\n\n\n<p>Algunos datos podr\u00edan transferirse fuera de la Uni\u00f3n Europea, en particular a Estados Unidos, al utilizar los servicios de Google y Meta. Estos pa\u00edses no necesariamente ofrecen un nivel de protecci\u00f3n de datos equivalente al de Europa. Sin embargo, se aplican los t\u00e9rminos contractuales est\u00e1ndar.<\/p>\n\n\n\n<h2 class=\"wp-block-heading\">8. Periodo de conservaci\u00f3n de datos<\/h2>\n\n\n\n<p>Conservamos sus datos el tiempo necesario para los fines para los que fueron recopilados. Por ejemplo:<\/p>\n\n\n\n<p><strong>Gesti\u00f3n de relaciones y contacto con el cliente:<\/strong>&nbsp;3 a\u00f1os despu\u00e9s del \u00faltimo contacto.<\/p>\n\n\n\n<p><strong>Galletas:<\/strong>&nbsp;M\u00e1ximo 13 meses de validez, datos almacenados hasta 25 meses.<\/p>\n\n\n\n<h2 class=\"wp-block-heading\">9. Seguridad de los datos<\/h2>\n\n\n\n<p><strong>SOROPA<\/strong>&nbsp;ha implementado medidas t\u00e9cnicas y organizativas para proteger sus datos contra p\u00e9rdida, alteraci\u00f3n o acceso no autorizado.<\/p>\n\n\n\n<h2 class=\"wp-block-heading\">10. Subcontrataci\u00f3n<\/h2>\n\n\n\n<p>Los subcontratistas de SOROPA procesan sus datos en cumplimiento de nuestros requisitos de seguridad y confidencialidad, de acuerdo con los contratos vigentes.<\/p>\n\n\n\n<h2 class=\"wp-block-heading\">11. Sus derechos<\/h2>\n\n\n\n<p>De acuerdo con la normativa aplicable, usted tiene los siguientes derechos con respecto a sus datos personales:<\/p>\n\n\n\n<ul class=\"wp-block-list\">\n<li>Derecho de acceso<\/li>\n\n\n\n<li>Derecho de rectificaci\u00f3n<\/li>\n\n\n\n<li>Derecho de supresi\u00f3n<\/li>\n\n\n\n<li>Derecho a restringir el procesamiento<\/li>\n\n\n\n<li>Derecho a objetar<\/li>\n\n\n\n<li>Derecho a retirar el consentimiento<\/li>\n<\/ul>\n\n\n\n<p>Para ejercer estos derechos, p\u00f3ngase en contacto con SOROPA en la siguiente direcci\u00f3n:<\/p>\n\n\n\n<p><strong>Correo electr\u00f3nico:<\/strong>&nbsp;admin@posidonia-hotel.com<\/p>\n\n\n\n<p><strong>Direcci\u00f3n postal:<\/strong>&nbsp;11 rue Longchamp, 06000 Niza, Francia<\/p>\n\n\n\n<p><strong>Tel\u00e9fono:<\/strong>&nbsp;+33 4 93 82 32 80<\/p>\n\n\n\n<h2 class=\"wp-block-heading\">12. Modificaci\u00f3n de este documento<\/h2>\n\n\n\n<p>Nos reservamos el derecho de modificar esta pol\u00edtica de privacidad en cualquier momento. Le invitamos a consultar esta p\u00e1gina peri\u00f3dicamente.<\/p>\n\n\n\n<hr class=\"wp-block-separator has-alpha-channel-opacity\" \/>\n\n\n\n<h2 class=\"wp-block-heading\">Informaci\u00f3n de alojamiento<\/h2>\n\n\n\n<p><strong>Proveedor de alojamiento:<\/strong>&nbsp;OVH.NET<\/p>\n\n\n\n<p><strong>Nombre de empresa:<\/strong>&nbsp;OVH sas<\/p>\n\n\n\n<p><strong>DIRECCI\u00d3N:<\/strong>&nbsp;2 rue Kellermann BP 80157, 59053 Roubaix Cedex 1, Francia*<\/p>\n\n\n\n<h2 class=\"wp-block-heading\">Informaci\u00f3n legal:<\/h2>\n\n\n\n<p><strong>Nombre de empresa:<\/strong>&nbsp;SOROPA<\/p>\n\n\n\n<p><strong>Forma jur\u00eddica:<\/strong>&nbsp;Sociedad en comandita por acciones<\/p>\n\n\n\n<p><strong>Capital:<\/strong>&nbsp;\u20ac6,188,884<\/p>\n\n\n\n<p><strong>Direcci\u00f3n de la sede:<\/strong>&nbsp;11 Rue Longchamp, 06000 Niza, Francia<\/p>\n\n\n\n<p><strong>N\u00famero de tel\u00e9fono de contacto de la empresa:<\/strong>&nbsp;+33 4 93 82 32 80<\/p>\n\n\n\n<p><strong>N\u00famero RCS:<\/strong>&nbsp;850 332 263 RCS Niza<\/p>\n\n\n\n<p><strong>N\u00famero de IVA:<\/strong>\u00a0FR09 850 332 263<\/p>\n<\/div>\n<\/div><\/div>","protected":false},"excerpt":{"rendered":"","protected":false},"author":1,"featured_media":0,"parent":0,"menu_order":0,"comment_status":"closed","ping_status":"open","template":"","meta":{"neve_meta_sidebar":"","neve_meta_container":"","neve_meta_enable_content_width":"","neve_meta_content_width":0,"neve_meta_title_alignment":"","neve_meta_author_avatar":"","neve_post_elements_order":"","neve_meta_disable_header":"","neve_meta_disable_footer":"","neve_meta_disable_title":"","neve_meta_reading_time":"","_themeisle_gutenberg_block_has_review":false,"footnotes":""},"class_list":["post-89","page","type-page","status-publish","hentry"],"jetpack_sharing_enabled":true,"_links":{"self":[{"href":"https:\/\/www.hotel-renoir.fr\/es\/wp-json\/wp\/v2\/pages\/89","targetHints":{"allow":["GET"]}}],"collection":[{"href":"https:\/\/www.hotel-renoir.fr\/es\/wp-json\/wp\/v2\/pages"}],"about":[{"href":"https:\/\/www.hotel-renoir.fr\/es\/wp-json\/wp\/v2\/types\/page"}],"author":[{"embeddable":true,"href":"https:\/\/www.hotel-renoir.fr\/es\/wp-json\/wp\/v2\/users\/1"}],"replies":[{"embeddable":true,"href":"https:\/\/www.hotel-renoir.fr\/es\/wp-json\/wp\/v2\/comments?post=89"}],"version-history":[{"count":0,"href":"https:\/\/www.hotel-renoir.fr\/es\/wp-json\/wp\/v2\/pages\/89\/revisions"}],"wp:attachment":[{"href":"https:\/\/www.hotel-renoir.fr\/es\/wp-json\/wp\/v2\/media?parent=89"}],"curies":[{"name":"wp","href":"https:\/\/api.w.org\/{rel}","templated":true}]}}